{"id":16740,"date":"2023-03-07T15:02:50","date_gmt":"2023-03-07T15:02:50","guid":{"rendered":"https:\/\/sunnyvuk.eu\/?page_id=16740"},"modified":"2024-04-26T09:38:34","modified_gmt":"2024-04-26T09:38:34","slug":"sportska-dvorana-borovo-naselje","status":"publish","type":"page","link":"https:\/\/sunnyvuk.eu\/en\/sportska-dvorana-borovo-naselje\/","title":{"rendered":"Sportska dvorana Borovo Naselje"},"content":{"rendered":"<div data-elementor-type=\"wp-page\" data-elementor-id=\"16740\" class=\"elementor elementor-16740\">\n\t\t\t\t\t\t<section class=\"elementor-section elementor-top-section elementor-element elementor-element-11fd6929 elementor-section-boxed elementor-section-height-default elementor-section-height-default\" data-id=\"11fd6929\" data-element_type=\"section\" data-e-type=\"section\">\n\t\t\t\t\t\t<div class=\"elementor-container elementor-column-gap-default\">\n\t\t\t\t\t<div class=\"elementor-column elementor-col-50 elementor-top-column elementor-element elementor-element-390db18a\" data-id=\"390db18a\" data-element_type=\"column\" data-e-type=\"column\">\n\t\t\t<div class=\"elementor-widget-wrap elementor-element-populated\">\n\t\t\t\t\t\t<div class=\"elementor-element elementor-element-4bd14ae elementor-widget elementor-widget-vindsectiontitle\" data-id=\"4bd14ae\" data-element_type=\"widget\" data-e-type=\"widget\" data-widget_type=\"vindsectiontitle.default\">\n\t\t\t\t<div class=\"elementor-widget-container\">\n\t\t\t\t\t<div class=\"section-title-wrapper text-left\"><div class=\"title-wrap\"><span class=\"sub-title\">Sportska dvorana Borovo Naselje<\/span><h2 class=\"section-title\">Sport at your fingertips<\/h2><\/div><!-- .title-wrap --><div class=\"section-description\"><\/div><!-- .section-description --><\/div><!-- .section-title-wrapper -->\t\t\t\t<\/div>\n\t\t\t\t<\/div>\n\t\t\t\t<div class=\"elementor-element elementor-element-76c05e3e elementor-widget elementor-widget-text-editor\" data-id=\"76c05e3e\" data-element_type=\"widget\" data-e-type=\"widget\" data-widget_type=\"text-editor.default\">\n\t\t\t\t<div class=\"elementor-widget-container\">\n\t\t\t\t\t\t\t\t\t<p>Sports hall Borovo Naselje was built and opened in 1978 for the purpose of hosting the XXIII International Table Tennis Championship of Yugoslavia.&nbsp;<\/p>\n<p>The sports hall is a rectangular building with a total ground plan of 85.32 x 66.33 meters. It consists of a large hall, a small hall, two gyms, a gymnastics hall, a boxing hall, a bowling alley, changing rooms, bathrooms, storage rooms, and office space.&nbsp;<\/p>\n<p>The sports hall in Borovo Naselje was energetically renovated as part of the project \"Development of additional educational content and modernization of the Borovo Naselje sports hall\", which is part of the Intervention Plan of the City of Vukovar. The electrical and mechanical systems were modernized and new efficient LED lighting fixtures were installed, which will ultimately lead to a reduction in electricity and heat consumption. The sports hall has a capacity of up to 3,000 spectators.<\/p>\t\t\t\t\t\t\t\t<\/div>\n\t\t\t\t<\/div>\n\t\t\t\t<div class=\"elementor-element elementor-element-2ce4eebf elementor-widget elementor-widget-button\" data-id=\"2ce4eebf\" data-element_type=\"widget\" data-e-type=\"widget\" data-widget_type=\"button.default\">\n\t\t\t\t<div class=\"elementor-widget-container\">\n\t\t\t\t\t\t\t\t\t<div class=\"elementor-button-wrapper\">\n\t\t\t\t\t<a class=\"elementor-button elementor-button-link elementor-size-sm\" href=\"https:\/\/sov.hr\/\">\n\t\t\t\t\t\t<span class=\"elementor-button-content-wrapper\">\n\t\t\t\t\t\t\t\t\t<span class=\"elementor-button-text\">Take me to the website <\/span>\n\t\t\t\t\t<\/span>\n\t\t\t\t\t<\/a>\n\t\t\t\t<\/div>\n\t\t\t\t\t\t\t\t<\/div>\n\t\t\t\t<\/div>\n\t\t\t\t\t<\/div>\n\t\t<\/div>\n\t\t\t\t<div class=\"elementor-column elementor-col-50 elementor-top-column elementor-element elementor-element-8d3d030\" data-id=\"8d3d030\" data-element_type=\"column\" data-e-type=\"column\">\n\t\t\t<div class=\"elementor-widget-wrap elementor-element-populated\">\n\t\t\t\t\t\t<div class=\"elementor-element elementor-element-a078425 elementor-widget elementor-widget-heading\" data-id=\"a078425\" data-element_type=\"widget\" data-e-type=\"widget\" data-widget_type=\"heading.default\">\n\t\t\t\t<div class=\"elementor-widget-container\">\n\t\t\t\t\t<h3 class=\"elementor-heading-title elementor-size-default\">Other objects<\/h3>\t\t\t\t<\/div>\n\t\t\t\t<\/div>\n\t\t\t\t<div class=\"elementor-element elementor-element-4c683cc elementor-widget elementor-widget-text-editor\" data-id=\"4c683cc\" data-element_type=\"widget\" data-e-type=\"widget\" data-widget_type=\"text-editor.default\">\n\t\t\t\t<div class=\"elementor-widget-container\">\n\t\t\t\t\t\t\t\t\t<section id=\"objekti\" class=\"widget widget_categories\">\n<ul>\n<li><a href=\"https:\/\/sunnyvuk.eu\/en\/zgrada-gradske-uprave-grada-vukovara\/\"><strong>Gradska uprava<\/strong><\/a><\/li>\n<li class=\"cat-item cat-item-29\"><a href=\"https:\/\/sunnyvuk.eu\/en\/bazeni-vukovar\/\"><strong>Plivali\u0161te Vukovar<\/strong><\/a><\/li>\n<li class=\"cat-item cat-item-30\"><a href=\"https:\/\/sunnyvuk.eu\/en\/gradska-trznica-vukovar\/\"><strong>Gradska tr\u017enica<\/strong><\/a><\/li>\n<li class=\"cat-item cat-item-29\"><a href=\"https:\/\/sunnyvuk.eu\/en\/djecji-vrtic-centar\/\"><strong>Dje\u010dji vrti\u0107 Centar<\/strong><\/a><\/li>\n<li class=\"cat-item cat-item-29\"><a href=\"https:\/\/sunnyvuk.eu\/en\/djecji-vrtic-sajmiste\/\"><strong>Dje\u010dji vrti\u0107 Sajmi\u0161te<\/strong><\/a><\/li>\n<li class=\"cat-item cat-item-29\"><a href=\"https:\/\/sunnyvuk.eu\/en\/osnovna-skola-sinise-glavasevica\/\"><strong>Osnovna \u0161kola Sini\u0161e Glava\u0161evi\u0107a<\/strong><\/a><\/li>\n<li class=\"cat-item cat-item-29\"><a href=\"https:\/\/sunnyvuk.eu\/en\/osnovna-skola-dragutina-tadijanovica\/\"><strong>Osnovna \u0161kola Dragutina Tadijanovi\u0107a<\/strong><\/a><\/li>\n<li class=\"cat-item cat-item-29\"><a href=\"https:\/\/sunnyvuk.eu\/en\/osnovna-skola-antuna-bauera\/\"><strong>Osnovna \u0161kola Antuna Bauera<\/strong><\/a><\/li>\n<li class=\"cat-item cat-item-29\"><a href=\"https:\/\/sunnyvuk.eu\/en\/osnovna-skola-blage-zadre\/\"><strong>Osnovna \u0161kola Blage Zadre<\/strong><\/a><\/li>\n<li class=\"cat-item cat-item-29\"><a href=\"https:\/\/sunnyvuk.eu\/en\/osnovna-skola-mitnica\/\"><strong>Osnovna \u0161kola Mitnica<\/strong><\/a><\/li>\n<li class=\"cat-item cat-item-29\"><a href=\"https:\/\/sunnyvuk.eu\/en\/osnovna-skola-nikole-andrica\/\"><strong>Osnovna \u0161kola Nikole Andri\u0107a<\/strong><\/a><\/li>\n<\/ul>\n<\/section>\t\t\t\t\t\t\t\t<\/div>\n\t\t\t\t<\/div>\n\t\t\t\t\t<\/div>\n\t\t<\/div>\n\t\t\t\t\t<\/div>\n\t\t<\/section>\n\t\t\t\t<section class=\"elementor-section elementor-top-section elementor-element elementor-element-15533fae elementor-section-boxed elementor-section-height-default elementor-section-height-default\" data-id=\"15533fae\" data-element_type=\"section\" data-e-type=\"section\">\n\t\t\t\t\t\t<div class=\"elementor-container elementor-column-gap-default\">\n\t\t\t\t\t<div class=\"elementor-column elementor-col-100 elementor-top-column elementor-element elementor-element-5ebf0884\" data-id=\"5ebf0884\" data-element_type=\"column\" data-e-type=\"column\">\n\t\t\t<div class=\"elementor-widget-wrap elementor-element-populated\">\n\t\t\t\t\t\t<div class=\"elementor-element elementor-element-46604f51 elementor-widget elementor-widget-vindsectiontitle\" data-id=\"46604f51\" data-element_type=\"widget\" data-e-type=\"widget\" data-widget_type=\"vindsectiontitle.default\">\n\t\t\t\t<div class=\"elementor-widget-container\">\n\t\t\t\t\t<div class=\"section-title-wrapper text-left\"><div class=\"title-wrap\"><span class=\"sub-title\">Gallery <\/span><h2 class=\"section-title\"><\/h2><\/div><!-- .title-wrap --><div class=\"section-description\"><\/div><!-- .section-description --><\/div><!-- .section-title-wrapper -->\t\t\t\t<\/div>\n\t\t\t\t<\/div>\n\t\t\t\t<div class=\"elementor-element elementor-element-6b708598 elementor-widget elementor-widget-vindimagegrid\" data-id=\"6b708598\" data-element_type=\"widget\" data-e-type=\"widget\" data-widget_type=\"vindimagegrid.default\">\n\t\t\t\t<div class=\"elementor-widget-container\">\n\t\t\t\t\t<div class=\"image-grid-wrapper image-grid-3\"><div class=\"row\"><div class=\"col-lg-6 col-md-6\"><div class=\"image-grid-inner\"><img fetchpriority=\"high\" decoding=\"async\" class=\"img-fluid client-img\" src=\"https:\/\/sunnyvuk.eu\/wp-content\/uploads\/2023\/03\/GradVukovar-Sunnyvuk-SportskaDvoranaBorovoNaselje1.jpg\" width=\"1170\" height=\"1170\" alt=\"Image\" \/><\/div><!-- .image-grid-inner --><\/div><!-- .cols --><div class=\"col-lg-6 col-md-6\"><div class=\"image-grid-inner\"><img decoding=\"async\" class=\"img-fluid client-img\" src=\"https:\/\/sunnyvuk.eu\/wp-content\/uploads\/2023\/03\/GradVukovar-Sunnyvuk-SportskaDvoranaBorovoNaselje2.jpg\" width=\"1170\" height=\"1170\" alt=\"Image\" \/><\/div><!-- .image-grid-inner --><\/div><!-- .cols --><\/div><!-- .row --><div class=\"row\"><div class=\"col-lg-6 col-md-6\"><div class=\"image-grid-inner\"><img decoding=\"async\" class=\"img-fluid client-img\" src=\"https:\/\/sunnyvuk.eu\/wp-content\/uploads\/2024\/04\/SportskaDvorana-PostavljeniPaneli.jpg\" width=\"1170\" height=\"1170\" alt=\"Image\" \/><\/div><!-- .image-grid-inner --><\/div><!-- .cols --><div class=\"col-lg-6 col-md-6\"><div class=\"image-grid-inner\"><img loading=\"lazy\" decoding=\"async\" class=\"img-fluid client-img\" src=\"https:\/\/sunnyvuk.eu\/wp-content\/uploads\/2024\/04\/SportskaDvorana-PostavljeniPaneli1.jpg\" width=\"1170\" height=\"1170\" alt=\"Image\" \/><\/div><!-- .image-grid-inner --><\/div><!-- .cols --><\/div><!-- .row --><\/div><!-- .image-grid-wrapper -->\t\t\t\t<\/div>\n\t\t\t\t<\/div>\n\t\t\t\t\t<\/div>\n\t\t<\/div>\n\t\t\t\t\t<\/div>\n\t\t<\/section>\n\t\t\t\t<\/div>","protected":false},"excerpt":{"rendered":"<p>Sportska dvorana Borovo Naselje Sport nadohvat ruke Sportska dvorana Borovo Naselje izgra\u0111ena je i otvorena 1978. godine za potrebe odr\u017eavanja XXIII. Me\u0111unarodnog prvenstva Jugoslavije u stolnom tenisu.&nbsp; Sportska dvorana je zgrada pravokutnog oblika ukupnih tlocrtnih gabarita 85,32\u00d766,33 metara. Sastoji se od velike dvorane, male dvorane, dvije teretane, gimnasti\u010dke dvorane, dvorane za boks, kuglane, svla\u010dionica, sanitarnih<\/p>","protected":false},"author":1,"featured_media":16748,"parent":0,"menu_order":0,"comment_status":"closed","ping_status":"closed","template":"","meta":{"footnotes":""},"class_list":["post-16740","page","type-page","status-publish","has-post-thumbnail","hentry"],"_links":{"self":[{"href":"https:\/\/sunnyvuk.eu\/en\/wp-json\/wp\/v2\/pages\/16740","targetHints":{"allow":["GET"]}}],"collection":[{"href":"https:\/\/sunnyvuk.eu\/en\/wp-json\/wp\/v2\/pages"}],"about":[{"href":"https:\/\/sunnyvuk.eu\/en\/wp-json\/wp\/v2\/types\/page"}],"author":[{"embeddable":true,"href":"https:\/\/sunnyvuk.eu\/en\/wp-json\/wp\/v2\/users\/1"}],"replies":[{"embeddable":true,"href":"https:\/\/sunnyvuk.eu\/en\/wp-json\/wp\/v2\/comments?post=16740"}],"version-history":[{"count":34,"href":"https:\/\/sunnyvuk.eu\/en\/wp-json\/wp\/v2\/pages\/16740\/revisions"}],"predecessor-version":[{"id":18531,"href":"https:\/\/sunnyvuk.eu\/en\/wp-json\/wp\/v2\/pages\/16740\/revisions\/18531"}],"wp:featuredmedia":[{"embeddable":true,"href":"https:\/\/sunnyvuk.eu\/en\/wp-json\/wp\/v2\/media\/16748"}],"wp:attachment":[{"href":"https:\/\/sunnyvuk.eu\/en\/wp-json\/wp\/v2\/media?parent=16740"}],"curies":[{"name":"wp","href":"https:\/\/api.w.org\/{rel}","templated":true}]}}